{"id":117,"date":"2019-06-23T14:07:11","date_gmt":"2019-06-23T12:07:11","guid":{"rendered":"https:\/\/webaruhaz.geprongyok.hu\/?post_type=product&#038;p=117"},"modified":"2022-11-02T11:45:19","modified_gmt":"2022-11-02T09:45:19","slug":"szines-polo","status":"publish","type":"product","link":"https:\/\/geprongyok.hu\/en\/uzlet\/szines-polo\/","title":{"rendered":"Sz\u00ednes p\u00f3l\u00f3"},"content":{"rendered":"","protected":false},"excerpt":{"rendered":"<p>Ez a g\u00e9prongy sz\u00ednes p\u00f3l\u00f3b\u00f3l k\u00e9sz\u00fcl. A vev\u0151k \u00e1ltal a legink\u00e1bb kedvelt term\u00e9k, mindenfajta tiszt\u00edt\u00e1sra alkalmas, k\u00fcl\u00f6n\u00f6sen az er\u0151sen olajos helyeken, s\u00f6t\u00e9t sz\u00ednei miatt kev\u00e9sb\u00e9 koszol\u00f3dik.<\/p>\n<p>Ezt a g\u00e9prongyot tudja v\u00e1gatlanul is v\u00e1s\u00e1rolni.<\/p>\n<p>A g\u00e9prongy csomagol\u00e1sa k\u00f6rnyezetbar\u00e1t pap\u00edr (\u00fajrahasznos\u00edtott) dobozba t\u00f6rt\u00e9nik. A kiszerel\u00e9se lehet 5, vagy 10kg.<\/p>\n","protected":false},"featured_media":624,"template":"","meta":[],"product_brand":[],"product_cat":[126,18],"product_tag":[42],"class_list":{"0":"post-117","1":"product","2":"type-product","3":"status-publish","4":"has-post-thumbnail","6":"product_cat-olcso-geprongy-szines-polo","7":"product_cat-geprongyok","8":"product_tag-szines","9":"product_shipping_class-minden","11":"first","12":"instock","13":"featured","14":"taxable","15":"shipping-taxable","16":"purchasable","17":"product-type-variable"},"_links":{"self":[{"href":"https:\/\/geprongyok.hu\/en\/wp-json\/wp\/v2\/product\/117","targetHints":{"allow":["GET"]}}],"collection":[{"href":"https:\/\/geprongyok.hu\/en\/wp-json\/wp\/v2\/product"}],"about":[{"href":"https:\/\/geprongyok.hu\/en\/wp-json\/wp\/v2\/types\/product"}],"wp:featuredmedia":[{"embeddable":true,"href":"https:\/\/geprongyok.hu\/en\/wp-json\/wp\/v2\/media\/624"}],"wp:attachment":[{"href":"https:\/\/geprongyok.hu\/en\/wp-json\/wp\/v2\/media?parent=117"}],"wp:term":[{"taxonomy":"product_brand","embeddable":true,"href":"https:\/\/geprongyok.hu\/en\/wp-json\/wp\/v2\/product_brand?post=117"},{"taxonomy":"product_cat","embeddable":true,"href":"https:\/\/geprongyok.hu\/en\/wp-json\/wp\/v2\/product_cat?post=117"},{"taxonomy":"product_tag","embeddable":true,"href":"https:\/\/geprongyok.hu\/en\/wp-json\/wp\/v2\/product_tag?post=117"}],"curies":[{"name":"wp","href":"https:\/\/api.w.org\/{rel}","templated":true}]}}