{"id":127,"date":"2019-06-23T14:33:56","date_gmt":"2019-06-23T12:33:56","guid":{"rendered":"https:\/\/webaruhaz.geprongyok.hu\/?post_type=product&#038;p=127"},"modified":"2022-11-02T11:44:12","modified_gmt":"2022-11-02T09:44:12","slug":"vilagos-polo","status":"publish","type":"product","link":"https:\/\/geprongyok.hu\/en\/uzlet\/vilagos-polo\/","title":{"rendered":"Vil\u00e1gos p\u00f3l\u00f3"},"content":{"rendered":"","protected":false},"excerpt":{"rendered":"<p>Ez a g\u00e9prongy sz\u00ednes p\u00f3l\u00f3b\u00f3l k\u00e9sz\u00fcl, de csak vil\u00e1gos \u00e1rnyalat\u00fa g\u00e9prongyok vannak benne. A vev\u0151k \u00e1ltal a legink\u00e1bb kedvelt term\u00e9k, mindenfajta tiszt\u00edt\u00e1sra alkalmas.<\/p>\n<p>Ezt a g\u00e9prongyot tudja v\u00e1gatlanul is v\u00e1s\u00e1rolni.<\/p>\n<p>A g\u00e9prongy csomagol\u00e1sa k\u00f6rnyezetbar\u00e1t pap\u00edr (\u00fajrahasznos\u00edtott) dobozba t\u00f6rt\u00e9nik. A kiszerel\u00e9se lehet 5, vagy 10kg.<\/p>\n","protected":false},"featured_media":628,"template":"","meta":[],"product_brand":[],"product_cat":[18],"product_tag":[42],"class_list":{"0":"post-127","1":"product","2":"type-product","3":"status-publish","4":"has-post-thumbnail","6":"product_cat-geprongyok","7":"product_tag-szines","8":"product_shipping_class-minden","10":"first","11":"instock","12":"taxable","13":"shipping-taxable","14":"purchasable","15":"product-type-variable"},"_links":{"self":[{"href":"https:\/\/geprongyok.hu\/en\/wp-json\/wp\/v2\/product\/127","targetHints":{"allow":["GET"]}}],"collection":[{"href":"https:\/\/geprongyok.hu\/en\/wp-json\/wp\/v2\/product"}],"about":[{"href":"https:\/\/geprongyok.hu\/en\/wp-json\/wp\/v2\/types\/product"}],"wp:featuredmedia":[{"embeddable":true,"href":"https:\/\/geprongyok.hu\/en\/wp-json\/wp\/v2\/media\/628"}],"wp:attachment":[{"href":"https:\/\/geprongyok.hu\/en\/wp-json\/wp\/v2\/media?parent=127"}],"wp:term":[{"taxonomy":"product_brand","embeddable":true,"href":"https:\/\/geprongyok.hu\/en\/wp-json\/wp\/v2\/product_brand?post=127"},{"taxonomy":"product_cat","embeddable":true,"href":"https:\/\/geprongyok.hu\/en\/wp-json\/wp\/v2\/product_cat?post=127"},{"taxonomy":"product_tag","embeddable":true,"href":"https:\/\/geprongyok.hu\/en\/wp-json\/wp\/v2\/product_tag?post=127"}],"curies":[{"name":"wp","href":"https:\/\/api.w.org\/{rel}","templated":true}]}}