{"id":167,"date":"2019-06-23T15:33:58","date_gmt":"2019-06-23T13:33:58","guid":{"rendered":"https:\/\/webaruhaz.geprongyok.hu\/?post_type=product&#038;p=167"},"modified":"2022-11-02T11:54:51","modified_gmt":"2022-11-02T09:54:51","slug":"feher-frottir-torulkozo","status":"publish","type":"product","link":"https:\/\/geprongyok.hu\/en\/uzlet\/feher-frottir-torulkozo\/","title":{"rendered":"Feh\u00e9r frott\u00edr mix"},"content":{"rendered":"","protected":false},"excerpt":{"rendered":"<p>Ez a g\u00e9prongy v\u00e9konyabb frott\u00edr t\u00f6r\u00fclk\u00f6z\u0151b\u0151l k\u00e9sz\u00fcl, j\u00f3 nedvsz\u00edv\u00f3 k\u00e9pess\u00e9ge miatt aj\u00e1nlott.<\/p>\n<p>Ezt a g\u00e9prongyot tudja v\u00e1gatlanul is v\u00e1s\u00e1rolni.<\/p>\n<p>A g\u00e9prongy csomagol\u00e1sa k\u00f6rnyezetbar\u00e1t pap\u00edr (\u00fajrahasznos\u00edtott) dobozba t\u00f6rt\u00e9nik. A kiszerel\u00e9se lehet 5, vagy 10kg.<\/p>\n","protected":false},"featured_media":637,"template":"","meta":[],"product_brand":[],"product_cat":[18],"product_tag":[43],"class_list":{"0":"post-167","1":"product","2":"type-product","3":"status-publish","4":"has-post-thumbnail","6":"product_cat-geprongyok","7":"product_tag-feher","8":"product_shipping_class-minden","10":"first","11":"instock","12":"taxable","13":"shipping-taxable","14":"purchasable","15":"product-type-variable"},"_links":{"self":[{"href":"https:\/\/geprongyok.hu\/en\/wp-json\/wp\/v2\/product\/167","targetHints":{"allow":["GET"]}}],"collection":[{"href":"https:\/\/geprongyok.hu\/en\/wp-json\/wp\/v2\/product"}],"about":[{"href":"https:\/\/geprongyok.hu\/en\/wp-json\/wp\/v2\/types\/product"}],"wp:featuredmedia":[{"embeddable":true,"href":"https:\/\/geprongyok.hu\/en\/wp-json\/wp\/v2\/media\/637"}],"wp:attachment":[{"href":"https:\/\/geprongyok.hu\/en\/wp-json\/wp\/v2\/media?parent=167"}],"wp:term":[{"taxonomy":"product_brand","embeddable":true,"href":"https:\/\/geprongyok.hu\/en\/wp-json\/wp\/v2\/product_brand?post=167"},{"taxonomy":"product_cat","embeddable":true,"href":"https:\/\/geprongyok.hu\/en\/wp-json\/wp\/v2\/product_cat?post=167"},{"taxonomy":"product_tag","embeddable":true,"href":"https:\/\/geprongyok.hu\/en\/wp-json\/wp\/v2\/product_tag?post=167"}],"curies":[{"name":"wp","href":"https:\/\/api.w.org\/{rel}","templated":true}]}}