{"id":1699,"date":"2025-01-31T19:22:33","date_gmt":"2025-01-31T18:22:33","guid":{"rendered":"https:\/\/geprongyok.hu\/?post_type=product&#038;p=1699"},"modified":"2025-01-31T21:03:09","modified_gmt":"2025-01-31T20:03:09","slug":"munkavedelmi-kesztyu-martott","status":"publish","type":"product","link":"https:\/\/geprongyok.hu\/en\/uzlet\/munkavedelmi-kesztyu-martott\/","title":{"rendered":"Munkav\u00e9delmi keszty\u0171 &#8211; m\u00e1rtott"},"content":{"rendered":"","protected":false},"excerpt":{"rendered":"","protected":false},"featured_media":1706,"template":"","meta":[],"product_brand":[],"product_cat":[152],"product_tag":[],"class_list":{"0":"post-1699","1":"product","2":"type-product","3":"status-publish","4":"has-post-thumbnail","6":"product_cat-kesztyuk","8":"first","9":"instock","10":"taxable","11":"shipping-taxable","12":"purchasable","13":"product-type-variable"},"_links":{"self":[{"href":"https:\/\/geprongyok.hu\/en\/wp-json\/wp\/v2\/product\/1699","targetHints":{"allow":["GET"]}}],"collection":[{"href":"https:\/\/geprongyok.hu\/en\/wp-json\/wp\/v2\/product"}],"about":[{"href":"https:\/\/geprongyok.hu\/en\/wp-json\/wp\/v2\/types\/product"}],"wp:featuredmedia":[{"embeddable":true,"href":"https:\/\/geprongyok.hu\/en\/wp-json\/wp\/v2\/media\/1706"}],"wp:attachment":[{"href":"https:\/\/geprongyok.hu\/en\/wp-json\/wp\/v2\/media?parent=1699"}],"wp:term":[{"taxonomy":"product_brand","embeddable":true,"href":"https:\/\/geprongyok.hu\/en\/wp-json\/wp\/v2\/product_brand?post=1699"},{"taxonomy":"product_cat","embeddable":true,"href":"https:\/\/geprongyok.hu\/en\/wp-json\/wp\/v2\/product_cat?post=1699"},{"taxonomy":"product_tag","embeddable":true,"href":"https:\/\/geprongyok.hu\/en\/wp-json\/wp\/v2\/product_tag?post=1699"}],"curies":[{"name":"wp","href":"https:\/\/api.w.org\/{rel}","templated":true}]}}