{"id":187,"date":"2019-06-23T16:01:43","date_gmt":"2019-06-23T14:01:43","guid":{"rendered":"https:\/\/webaruhaz.geprongyok.hu\/?post_type=product&#038;p=187"},"modified":"2024-06-13T13:16:20","modified_gmt":"2024-06-13T11:16:20","slug":"37x37cm-feher-kockazott-geprongy","status":"publish","type":"product","link":"https:\/\/geprongyok.hu\/en\/uzlet\/37x37cm-feher-kockazott-geprongy\/","title":{"rendered":"37x37cm feh\u00e9r, kock\u00e1zott g\u00e9prongy"},"content":{"rendered":"","protected":false},"excerpt":{"rendered":"<p>Ez a g\u00e9prongy feh\u00e9r leped\u0151 anyagb\u00f3l k\u00e9sz\u00fcl, 37x37cm-es m\u00e9retre v\u00e1gva a k\u00f6nnyebb kezelhet\u0151s\u00e9g \u00e9rdek\u00e9ben.<\/p>\n<p>100% pamut alapanyag \u00e9s 100%-ban karcanyag mentes.<\/p>\n<p>Csomagol\u00e1sa pap\u00edr karton dobozba t\u00f6rt\u00e9nik. 1 doboz 10kg, ami kb. 450-500db g\u00e9prongyot tartalmaz.<\/p>\n","protected":false},"featured_media":597,"template":"","meta":[],"product_brand":[],"product_cat":[18],"product_tag":[43],"class_list":{"0":"post-187","1":"product","2":"type-product","3":"status-publish","4":"has-post-thumbnail","6":"product_cat-geprongyok","7":"product_tag-feher","8":"product_shipping_class-minden","10":"first","11":"instock","12":"taxable","13":"shipping-taxable","14":"purchasable","15":"product-type-simple"},"_links":{"self":[{"href":"https:\/\/geprongyok.hu\/en\/wp-json\/wp\/v2\/product\/187","targetHints":{"allow":["GET"]}}],"collection":[{"href":"https:\/\/geprongyok.hu\/en\/wp-json\/wp\/v2\/product"}],"about":[{"href":"https:\/\/geprongyok.hu\/en\/wp-json\/wp\/v2\/types\/product"}],"wp:featuredmedia":[{"embeddable":true,"href":"https:\/\/geprongyok.hu\/en\/wp-json\/wp\/v2\/media\/597"}],"wp:attachment":[{"href":"https:\/\/geprongyok.hu\/en\/wp-json\/wp\/v2\/media?parent=187"}],"wp:term":[{"taxonomy":"product_brand","embeddable":true,"href":"https:\/\/geprongyok.hu\/en\/wp-json\/wp\/v2\/product_brand?post=187"},{"taxonomy":"product_cat","embeddable":true,"href":"https:\/\/geprongyok.hu\/en\/wp-json\/wp\/v2\/product_cat?post=187"},{"taxonomy":"product_tag","embeddable":true,"href":"https:\/\/geprongyok.hu\/en\/wp-json\/wp\/v2\/product_tag?post=187"}],"curies":[{"name":"wp","href":"https:\/\/api.w.org\/{rel}","templated":true}]}}