{"id":598,"date":"2019-11-17T23:37:57","date_gmt":"2019-11-17T21:37:57","guid":{"rendered":"https:\/\/webaruhaz.geprongyok.hu\/?post_type=product&#038;p=598"},"modified":"2022-11-02T11:48:12","modified_gmt":"2022-11-02T09:48:12","slug":"37x37cm-szines-kockazott-geprongy","status":"publish","type":"product","link":"https:\/\/geprongyok.hu\/en\/uzlet\/37x37cm-szines-kockazott-geprongy\/","title":{"rendered":"37x37cm sz\u00ednes, kock\u00e1zott g\u00e9prongy"},"content":{"rendered":"","protected":false},"excerpt":{"rendered":"<p>Ez a g\u00e9prongy sz\u00ednes p\u00f3l\u00f3 anyagb\u00f3l k\u00e9sz\u00fcl, 37x37cm-es m\u00e9retre v\u00e1gva a k\u00f6nnyebb kezelhet\u0151s\u00e9g \u00e9rdek\u00e9ben.<\/p>\n<p>100% pamut alapanyag \u00e9s 100%-ban karcanyag mentes.<\/p>\n<p>Csomagol\u00e1sa pap\u00edr karton dobozba t\u00f6rt\u00e9nik. 1 doboz, 10kg, ami kb. 450-500db g\u00e9prongyot tartalmaz.<\/p>\n","protected":false},"featured_media":599,"template":"","meta":[],"product_brand":[],"product_cat":[18],"product_tag":[42],"class_list":{"0":"post-598","1":"product","2":"type-product","3":"status-publish","4":"has-post-thumbnail","6":"product_cat-geprongyok","7":"product_tag-szines","8":"product_shipping_class-minden","10":"first","11":"instock","12":"taxable","13":"shipping-taxable","14":"purchasable","15":"product-type-simple"},"_links":{"self":[{"href":"https:\/\/geprongyok.hu\/en\/wp-json\/wp\/v2\/product\/598","targetHints":{"allow":["GET"]}}],"collection":[{"href":"https:\/\/geprongyok.hu\/en\/wp-json\/wp\/v2\/product"}],"about":[{"href":"https:\/\/geprongyok.hu\/en\/wp-json\/wp\/v2\/types\/product"}],"wp:featuredmedia":[{"embeddable":true,"href":"https:\/\/geprongyok.hu\/en\/wp-json\/wp\/v2\/media\/599"}],"wp:attachment":[{"href":"https:\/\/geprongyok.hu\/en\/wp-json\/wp\/v2\/media?parent=598"}],"wp:term":[{"taxonomy":"product_brand","embeddable":true,"href":"https:\/\/geprongyok.hu\/en\/wp-json\/wp\/v2\/product_brand?post=598"},{"taxonomy":"product_cat","embeddable":true,"href":"https:\/\/geprongyok.hu\/en\/wp-json\/wp\/v2\/product_cat?post=598"},{"taxonomy":"product_tag","embeddable":true,"href":"https:\/\/geprongyok.hu\/en\/wp-json\/wp\/v2\/product_tag?post=598"}],"curies":[{"name":"wp","href":"https:\/\/api.w.org\/{rel}","templated":true}]}}