{"id":653,"date":"2019-11-26T13:22:04","date_gmt":"2019-11-26T11:22:04","guid":{"rendered":"https:\/\/webaruhaz.geprongyok.hu\/?post_type=product&#038;p=653"},"modified":"2022-11-02T11:22:58","modified_gmt":"2022-11-02T09:22:58","slug":"mosodai-lepedo","status":"publish","type":"product","link":"https:\/\/geprongyok.hu\/en\/uzlet\/mosodai-lepedo\/","title":{"rendered":"Mosodai leped\u0151"},"content":{"rendered":"","protected":false},"excerpt":{"rendered":"<p>Ez a g\u00e9prongy 100%-ban vegytiszta, \u00edgy alkalmas az \u00e9lelmiszeriparban t\u00f6rt\u00e9n\u0151 felhaszn\u00e1l\u00e1sra is. A g\u00e9prongy anyaga 100% pamut \u00e9s 100%-ban karcanyag mentes.<\/p>\n<p>Ezt a g\u00e9prongyot tudja v\u00e1gatlanul is v\u00e1s\u00e1rolni.<\/p>\n<p>A g\u00e9prongy csomagol\u00e1sa k\u00f6rnyezetbar\u00e1t pap\u00edr (\u00fajrahasznos\u00edtott) dobozba t\u00f6rt\u00e9nik. A kiszerel\u00e9se lehet 5, vagy 10kg.<\/p>\n","protected":false},"featured_media":656,"template":"","meta":[],"product_brand":[],"product_cat":[18],"product_tag":[43],"class_list":{"0":"post-653","1":"product","2":"type-product","3":"status-publish","4":"has-post-thumbnail","6":"product_cat-geprongyok","7":"product_tag-feher","8":"product_shipping_class-minden","10":"first","11":"instock","12":"taxable","13":"shipping-taxable","14":"purchasable","15":"product-type-variable"},"_links":{"self":[{"href":"https:\/\/geprongyok.hu\/en\/wp-json\/wp\/v2\/product\/653","targetHints":{"allow":["GET"]}}],"collection":[{"href":"https:\/\/geprongyok.hu\/en\/wp-json\/wp\/v2\/product"}],"about":[{"href":"https:\/\/geprongyok.hu\/en\/wp-json\/wp\/v2\/types\/product"}],"wp:featuredmedia":[{"embeddable":true,"href":"https:\/\/geprongyok.hu\/en\/wp-json\/wp\/v2\/media\/656"}],"wp:attachment":[{"href":"https:\/\/geprongyok.hu\/en\/wp-json\/wp\/v2\/media?parent=653"}],"wp:term":[{"taxonomy":"product_brand","embeddable":true,"href":"https:\/\/geprongyok.hu\/en\/wp-json\/wp\/v2\/product_brand?post=653"},{"taxonomy":"product_cat","embeddable":true,"href":"https:\/\/geprongyok.hu\/en\/wp-json\/wp\/v2\/product_cat?post=653"},{"taxonomy":"product_tag","embeddable":true,"href":"https:\/\/geprongyok.hu\/en\/wp-json\/wp\/v2\/product_tag?post=653"}],"curies":[{"name":"wp","href":"https:\/\/api.w.org\/{rel}","templated":true}]}}