{"id":691,"date":"2019-11-27T22:39:25","date_gmt":"2019-11-27T20:39:25","guid":{"rendered":"https:\/\/webaruhaz.geprongyok.hu\/?post_type=product&#038;p=691"},"modified":"2020-03-10T11:19:26","modified_gmt":"2020-03-10T09:19:26","slug":"feher-toll-mosott","status":"publish","type":"product","link":"https:\/\/geprongyok.hu\/en\/uzlet\/feher-toll-mosott\/","title":{"rendered":"Feh\u00e9r toll, mosott"},"content":{"rendered":"","protected":false},"excerpt":{"rendered":"<p><span class=\"_5yl5\">mosott<\/span><\/p>\n<p><span class=\"_5yl5\">Amennyiben term\u00e9k\u00fcnk felkeltette \u00e9rdekl\u0151d\u00e9s\u00e9t, k\u00e9rj\u00fck k\u00fcldj\u00f6n emailt a <a href=\"mailto:sales@geprongyok.hu\">sales@geprongyok.hu<\/a> email c\u00edmre.<\/span><\/p>\n","protected":false},"featured_media":679,"template":"","meta":[],"product_brand":[],"product_cat":[15],"product_tag":[],"class_list":{"0":"post-691","1":"product","2":"type-product","3":"status-publish","4":"has-post-thumbnail","6":"product_cat-tollak-es-pelyhek","7":"product_shipping_class-minden","9":"first","10":"instock","11":"taxable","12":"shipping-taxable","13":"product-type-simple"},"_links":{"self":[{"href":"https:\/\/geprongyok.hu\/en\/wp-json\/wp\/v2\/product\/691","targetHints":{"allow":["GET"]}}],"collection":[{"href":"https:\/\/geprongyok.hu\/en\/wp-json\/wp\/v2\/product"}],"about":[{"href":"https:\/\/geprongyok.hu\/en\/wp-json\/wp\/v2\/types\/product"}],"wp:featuredmedia":[{"embeddable":true,"href":"https:\/\/geprongyok.hu\/en\/wp-json\/wp\/v2\/media\/679"}],"wp:attachment":[{"href":"https:\/\/geprongyok.hu\/en\/wp-json\/wp\/v2\/media?parent=691"}],"wp:term":[{"taxonomy":"product_brand","embeddable":true,"href":"https:\/\/geprongyok.hu\/en\/wp-json\/wp\/v2\/product_brand?post=691"},{"taxonomy":"product_cat","embeddable":true,"href":"https:\/\/geprongyok.hu\/en\/wp-json\/wp\/v2\/product_cat?post=691"},{"taxonomy":"product_tag","embeddable":true,"href":"https:\/\/geprongyok.hu\/en\/wp-json\/wp\/v2\/product_tag?post=691"}],"curies":[{"name":"wp","href":"https:\/\/api.w.org\/{rel}","templated":true}]}}