{"id":693,"date":"2019-11-27T22:45:44","date_gmt":"2019-11-27T20:45:44","guid":{"rendered":"https:\/\/webaruhaz.geprongyok.hu\/?post_type=product&#038;p=693"},"modified":"2020-03-10T11:19:26","modified_gmt":"2020-03-10T09:19:26","slug":"tarka-toll-1es-meret","status":"publish","type":"product","link":"https:\/\/geprongyok.hu\/en\/uzlet\/tarka-toll-1es-meret\/","title":{"rendered":"Tarka toll, 1es m\u00e9ret"},"content":{"rendered":"","protected":false},"excerpt":{"rendered":"<p>1es m\u00e9ret<br \/>\nhaszn\u00e1lt<\/p>\n<p><span class=\"_5yl5\">Amennyiben term\u00e9k\u00fcnk felkeltette \u00e9rdekl\u0151d\u00e9s\u00e9t, k\u00e9rj\u00fck k\u00fcldj\u00f6n emailt a <a href=\"mailto:sales@geprongyok.hu\">sales@geprongyok.hu<\/a> email c\u00edmre.<\/span><\/p>\n","protected":false},"featured_media":676,"template":"","meta":[],"product_brand":[],"product_cat":[15],"product_tag":[],"class_list":{"0":"post-693","1":"product","2":"type-product","3":"status-publish","4":"has-post-thumbnail","6":"product_cat-tollak-es-pelyhek","7":"product_shipping_class-minden","9":"first","10":"instock","11":"taxable","12":"shipping-taxable","13":"product-type-simple"},"_links":{"self":[{"href":"https:\/\/geprongyok.hu\/en\/wp-json\/wp\/v2\/product\/693","targetHints":{"allow":["GET"]}}],"collection":[{"href":"https:\/\/geprongyok.hu\/en\/wp-json\/wp\/v2\/product"}],"about":[{"href":"https:\/\/geprongyok.hu\/en\/wp-json\/wp\/v2\/types\/product"}],"wp:featuredmedia":[{"embeddable":true,"href":"https:\/\/geprongyok.hu\/en\/wp-json\/wp\/v2\/media\/676"}],"wp:attachment":[{"href":"https:\/\/geprongyok.hu\/en\/wp-json\/wp\/v2\/media?parent=693"}],"wp:term":[{"taxonomy":"product_brand","embeddable":true,"href":"https:\/\/geprongyok.hu\/en\/wp-json\/wp\/v2\/product_brand?post=693"},{"taxonomy":"product_cat","embeddable":true,"href":"https:\/\/geprongyok.hu\/en\/wp-json\/wp\/v2\/product_cat?post=693"},{"taxonomy":"product_tag","embeddable":true,"href":"https:\/\/geprongyok.hu\/en\/wp-json\/wp\/v2\/product_tag?post=693"}],"curies":[{"name":"wp","href":"https:\/\/api.w.org\/{rel}","templated":true}]}}